{"id":8162,"date":"2025-02-18T15:04:25","date_gmt":"2025-02-18T15:04:25","guid":{"rendered":"https:\/\/hulecos.com\/videos\/"},"modified":"2025-03-11T10:34:36","modified_gmt":"2025-03-11T10:34:36","slug":"videos","status":"publish","type":"page","link":"https:\/\/hulecos.com\/fr\/videos\/","title":{"rendered":"Vid\u00e9os"},"content":{"rendered":"\t\t<div data-elementor-type=\"wp-page\" data-elementor-id=\"8162\" class=\"elementor elementor-8162 elementor-8038\" data-elementor-post-type=\"page\">\n\t\t\t\t<div class=\"elementor-element elementor-element-77d9aac e-grid e-con-boxed e-con e-parent\" data-id=\"77d9aac\" data-element_type=\"container\" data-settings=\"{&quot;background_background&quot;:&quot;classic&quot;}\">\n\t\t\t\t\t<div class=\"e-con-inner\">\n\t\t\t\t<div class=\"elementor-element elementor-element-c818258 elementor-widget elementor-widget-heading\" data-id=\"c818258\" data-element_type=\"widget\" data-widget_type=\"heading.default\">\n\t\t\t\t<div class=\"elementor-widget-container\">\n\t\t\t\t\t<h2 class=\"elementor-heading-title elementor-size-default\">VID\u00c9OS<\/h2>\t\t\t\t<\/div>\n\t\t\t\t<\/div>\n\t\t\t\t\t<\/div>\n\t\t\t\t<\/div>\n\t\t<div class=\"elementor-element elementor-element-ea6a47c e-con-full e-flex e-con e-parent\" data-id=\"ea6a47c\" data-element_type=\"container\" data-settings=\"{&quot;background_background&quot;:&quot;classic&quot;}\">\n\t\t\t\t<div class=\"elementor-element elementor-element-3be8977 elementor-widget elementor-widget-button\" data-id=\"3be8977\" data-element_type=\"widget\" data-widget_type=\"button.default\">\n\t\t\t\t<div class=\"elementor-widget-container\">\n\t\t\t\t\t\t\t\t\t<div class=\"elementor-button-wrapper\">\n\t\t\t\t\t<a class=\"elementor-button elementor-button-link elementor-size-sm\" href=\"#brief\">\n\t\t\t\t\t\t<span class=\"elementor-button-content-wrapper\">\n\t\t\t\t\t\t\t\t\t<span class=\"elementor-button-text\">BRIEF<\/span>\n\t\t\t\t\t<\/span>\n\t\t\t\t\t<\/a>\n\t\t\t\t<\/div>\n\t\t\t\t\t\t\t\t<\/div>\n\t\t\t\t<\/div>\n\t\t\t\t<div class=\"elementor-element elementor-element-def87ea elementor-widget elementor-widget-button\" data-id=\"def87ea\" data-element_type=\"widget\" data-widget_type=\"button.default\">\n\t\t\t\t<div class=\"elementor-widget-container\">\n\t\t\t\t\t\t\t\t\t<div class=\"elementor-button-wrapper\">\n\t\t\t\t\t<a class=\"elementor-button elementor-button-link elementor-size-sm\" href=\"#science\">\n\t\t\t\t\t\t<span class=\"elementor-button-content-wrapper\">\n\t\t\t\t\t\t\t\t\t<span class=\"elementor-button-text\">SCIENCE<\/span>\n\t\t\t\t\t<\/span>\n\t\t\t\t\t<\/a>\n\t\t\t\t<\/div>\n\t\t\t\t\t\t\t\t<\/div>\n\t\t\t\t<\/div>\n\t\t\t\t<div class=\"elementor-element elementor-element-09b1569 elementor-widget elementor-widget-button\" data-id=\"09b1569\" data-element_type=\"widget\" data-widget_type=\"button.default\">\n\t\t\t\t<div class=\"elementor-widget-container\">\n\t\t\t\t\t\t\t\t\t<div class=\"elementor-button-wrapper\">\n\t\t\t\t\t<a class=\"elementor-button elementor-button-link elementor-size-sm\" href=\"#h1\">\n\t\t\t\t\t\t<span class=\"elementor-button-content-wrapper\">\n\t\t\t\t\t\t\t\t\t<span class=\"elementor-button-text\">FONCTIONNALIT\u00c9S DU H1<\/span>\n\t\t\t\t\t<\/span>\n\t\t\t\t\t<\/a>\n\t\t\t\t<\/div>\n\t\t\t\t\t\t\t\t<\/div>\n\t\t\t\t<\/div>\n\t\t\t\t<div class=\"elementor-element elementor-element-12d94ff elementor-widget elementor-widget-button\" data-id=\"12d94ff\" data-element_type=\"widget\" data-widget_type=\"button.default\">\n\t\t\t\t<div class=\"elementor-widget-container\">\n\t\t\t\t\t\t\t\t\t<div class=\"elementor-button-wrapper\">\n\t\t\t\t\t<a class=\"elementor-button elementor-button-link elementor-size-sm\" href=\"#events\">\n\t\t\t\t\t\t<span class=\"elementor-button-content-wrapper\">\n\t\t\t\t\t\t\t\t\t<span class=\"elementor-button-text\">\u00c9V\u00c9NEMENTS<\/span>\n\t\t\t\t\t<\/span>\n\t\t\t\t\t<\/a>\n\t\t\t\t<\/div>\n\t\t\t\t\t\t\t\t<\/div>\n\t\t\t\t<\/div>\n\t\t\t\t<\/div>\n\t\t<div class=\"elementor-element elementor-element-11e1620 e-con-full e-flex e-con e-parent\" data-id=\"11e1620\" data-element_type=\"container\" data-settings=\"{&quot;background_background&quot;:&quot;classic&quot;}\">\n\t\t\t\t<div class=\"elementor-element elementor-element-86cdee6 elementor-widget elementor-widget-heading\" data-id=\"86cdee6\" data-element_type=\"widget\" data-widget_type=\"heading.default\">\n\t\t\t\t<div class=\"elementor-widget-container\">\n\t\t\t\t\t<h2 class=\"elementor-heading-title elementor-size-default\"><a id=\"brief\"><\/a>BRIEF<\/h2>\t\t\t\t<\/div>\n\t\t\t\t<\/div>\n\t\t\t\t<\/div>\n\t\t<div class=\"elementor-element elementor-element-f4c8cf2 e-flex e-con-boxed e-con e-parent\" data-id=\"f4c8cf2\" data-element_type=\"container\" data-settings=\"{&quot;background_background&quot;:&quot;classic&quot;}\">\n\t\t\t\t\t<div class=\"e-con-inner\">\n\t\t\t\t<div class=\"elementor-element elementor-element-4353e42 elementor-widget elementor-widget-text-editor\" data-id=\"4353e42\" data-element_type=\"widget\" data-widget_type=\"text-editor.default\">\n\t\t\t\t<div class=\"elementor-widget-container\">\n\t\t\t\t\t\t\t\t\t<h5 style=\"text-align: center;\">Pourquoi Hulecos ?<\/h5>\t\t\t\t\t\t\t\t<\/div>\n\t\t\t\t<\/div>\n\t\t\t\t<div class=\"elementor-element elementor-element-f0df72e elementor-widget__width-initial elementor-widget elementor-widget-html\" data-id=\"f0df72e\" data-element_type=\"widget\" data-widget_type=\"html.default\">\n\t\t\t\t<div class=\"elementor-widget-container\">\n\t\t\t\t\t<iframe src=\"https:\/\/www.veed.io\/embed\/83db5e93-f4e8-4ffb-952b-e3325f9cbca9?watermark=0&color=&sharing=0&title=0\" width=\"744\" height=\"504\" frameborder=\"0\" title=\"60 seconds brief FR\" webkitallowfullscreen mozallowfullscreen allowfullscreen><\/iframe>\t\t\t\t<\/div>\n\t\t\t\t<\/div>\n\t\t\t\t\t<\/div>\n\t\t\t\t<\/div>\n\t\t<div class=\"elementor-element elementor-element-19848e4 e-con-full e-flex e-con e-parent\" data-id=\"19848e4\" data-element_type=\"container\" data-settings=\"{&quot;background_background&quot;:&quot;classic&quot;}\">\n\t\t\t\t<div class=\"elementor-element elementor-element-d9c097b elementor-widget elementor-widget-heading\" data-id=\"d9c097b\" data-element_type=\"widget\" data-widget_type=\"heading.default\">\n\t\t\t\t<div class=\"elementor-widget-container\">\n\t\t\t\t\t<h2 class=\"elementor-heading-title elementor-size-default\"><a id=\"science\"><\/a>SCIENCE<\/h2>\t\t\t\t<\/div>\n\t\t\t\t<\/div>\n\t\t\t\t<\/div>\n\t\t<div class=\"elementor-element elementor-element-e801aab e-flex e-con-boxed e-con e-parent\" data-id=\"e801aab\" data-element_type=\"container\" data-settings=\"{&quot;background_background&quot;:&quot;classic&quot;}\">\n\t\t\t\t\t<div class=\"e-con-inner\">\n\t\t\t\t<div class=\"elementor-element elementor-element-20f123d elementor-widget elementor-widget-text-editor\" data-id=\"20f123d\" data-element_type=\"widget\" data-widget_type=\"text-editor.default\">\n\t\t\t\t<div class=\"elementor-widget-container\">\n\t\t\t\t\t\t\t\t\t<h5 style=\"text-align: center;\">Pourquoi l&#8217;humidit\u00e9 relative ne dit rien de l&#8217;humidit\u00e9 du cigare ?<\/h5>\t\t\t\t\t\t\t\t<\/div>\n\t\t\t\t<\/div>\n\t\t\t\t<div class=\"elementor-element elementor-element-ed4e2e4 elementor-widget__width-initial elementor-widget elementor-widget-html\" data-id=\"ed4e2e4\" data-element_type=\"widget\" data-widget_type=\"html.default\">\n\t\t\t\t<div class=\"elementor-widget-container\">\n\t\t\t\t\t<iframe src=\"https:\/\/www.veed.io\/embed\/3c72a138-2922-4449-b588-26df6eeb3ce9?watermark=0&color=&sharing=0&title=0\" width=\"744\" height=\"504\" frameborder=\"0\" title=\"Relative humidity FR\" webkitallowfullscreen mozallowfullscreen allowfullscreen><\/iframe>\t\t\t\t<\/div>\n\t\t\t\t<\/div>\n\t\t\t\t<div class=\"elementor-element elementor-element-c97f1ba elementor-widget elementor-widget-text-editor\" data-id=\"c97f1ba\" data-element_type=\"widget\" data-widget_type=\"text-editor.default\">\n\t\t\t\t<div class=\"elementor-widget-container\">\n\t\t\t\t\t\t\t\t\t<h5 style=\"text-align: center;\">Pr\u00e9cision de la mesure de l&#8217;humidit\u00e9 relative: Atteindre \u00b11% avec le H1<\/h5>\t\t\t\t\t\t\t\t<\/div>\n\t\t\t\t<\/div>\n\t\t\t\t<div class=\"elementor-element elementor-element-82bf522 elementor-widget__width-initial elementor-widget elementor-widget-html\" data-id=\"82bf522\" data-element_type=\"widget\" data-widget_type=\"html.default\">\n\t\t\t\t<div class=\"elementor-widget-container\">\n\t\t\t\t\t<iframe src=\"https:\/\/www.veed.io\/embed\/8b299354-ba5a-4b4d-8487-9486b14f505b?watermark=0&color=&sharing=0&title=0\" width=\"744\" height=\"504\" frameborder=\"0\" title=\"Acuracy relative humidity FR\" webkitallowfullscreen mozallowfullscreen allowfullscreen><\/iframe>\t\t\t\t<\/div>\n\t\t\t\t<\/div>\n\t\t\t\t<div class=\"elementor-element elementor-element-1be8b5f elementor-widget elementor-widget-text-editor\" data-id=\"1be8b5f\" data-element_type=\"widget\" data-widget_type=\"text-editor.default\">\n\t\t\t\t<div class=\"elementor-widget-container\">\n\t\t\t\t\t\t\t\t\t<h5 style=\"text-align: center;\">Comment Hulecos calcule l&#8217;humidit\u00e9 du cigare ?<\/h5>\t\t\t\t\t\t\t\t<\/div>\n\t\t\t\t<\/div>\n\t\t\t\t<div class=\"elementor-element elementor-element-14692e0 elementor-widget__width-initial elementor-widget elementor-widget-html\" data-id=\"14692e0\" data-element_type=\"widget\" data-widget_type=\"html.default\">\n\t\t\t\t<div class=\"elementor-widget-container\">\n\t\t\t\t\t<iframe src=\"https:\/\/www.veed.io\/embed\/17ef80ce-46eb-4e31-9348-13be6c9c4b34?watermark=0&color=&sharing=0&title=0\" width=\"744\" height=\"504\" frameborder=\"0\" title=\"HMC2 FR\" webkitallowfullscreen mozallowfullscreen allowfullscreen><\/iframe>\t\t\t\t<\/div>\n\t\t\t\t<\/div>\n\t\t\t\t\t<\/div>\n\t\t\t\t<\/div>\n\t\t<div class=\"elementor-element elementor-element-350f4d8 e-con-full e-flex e-con e-parent\" data-id=\"350f4d8\" data-element_type=\"container\" data-settings=\"{&quot;background_background&quot;:&quot;classic&quot;}\">\n\t\t\t\t<div class=\"elementor-element elementor-element-a81e5d6 elementor-widget elementor-widget-heading\" data-id=\"a81e5d6\" data-element_type=\"widget\" data-widget_type=\"heading.default\">\n\t\t\t\t<div class=\"elementor-widget-container\">\n\t\t\t\t\t<h2 class=\"elementor-heading-title elementor-size-default\"><a id=\"h1\"><\/a>FONCTIONNALIT\u00c9S DU H1<\/h2>\t\t\t\t<\/div>\n\t\t\t\t<\/div>\n\t\t\t\t<\/div>\n\t\t<div class=\"elementor-element elementor-element-afd2d3b e-flex e-con-boxed e-con e-parent\" data-id=\"afd2d3b\" data-element_type=\"container\" data-settings=\"{&quot;background_background&quot;:&quot;classic&quot;}\">\n\t\t\t\t\t<div class=\"e-con-inner\">\n\t\t\t\t<div class=\"elementor-element elementor-element-1008474 elementor-widget elementor-widget-text-editor\" data-id=\"1008474\" data-element_type=\"widget\" data-widget_type=\"text-editor.default\">\n\t\t\t\t<div class=\"elementor-widget-container\">\n\t\t\t\t\t\t\t\t\t<h5 style=\"text-align: center;\">Comment Hulecos fournit les recommandations de r\u00e9glage de l&#8217;humidor (Preservation mode) ?<\/h5>\t\t\t\t\t\t\t\t<\/div>\n\t\t\t\t<\/div>\n\t\t\t\t<div class=\"elementor-element elementor-element-39bbaf0 elementor-widget__width-initial elementor-widget elementor-widget-html\" data-id=\"39bbaf0\" data-element_type=\"widget\" data-widget_type=\"html.default\">\n\t\t\t\t<div class=\"elementor-widget-container\">\n\t\t\t\t\t<iframe src=\"https:\/\/www.veed.io\/embed\/49faa452-fc43-4ac1-b10f-f419abf1f593?watermark=0&color=&sharing=0&title=0\" width=\"744\" height=\"504\" frameborder=\"0\" title=\"Preservation mode FR\" webkitallowfullscreen mozallowfullscreen allowfullscreen><\/iframe>\t\t\t\t<\/div>\n\t\t\t\t<\/div>\n\t\t\t\t<div class=\"elementor-element elementor-element-f0d42db elementor-widget elementor-widget-text-editor\" data-id=\"f0d42db\" data-element_type=\"widget\" data-widget_type=\"text-editor.default\">\n\t\t\t\t<div class=\"elementor-widget-container\">\n\t\t\t\t\t\t\t\t\t<h5 style=\"text-align: center;\">Le mode d\u00e9gustation (Tasting) du hulecos H1<\/h5>\t\t\t\t\t\t\t\t<\/div>\n\t\t\t\t<\/div>\n\t\t\t\t<div class=\"elementor-element elementor-element-28f85bc elementor-widget__width-initial elementor-widget elementor-widget-html\" data-id=\"28f85bc\" data-element_type=\"widget\" data-widget_type=\"html.default\">\n\t\t\t\t<div class=\"elementor-widget-container\">\n\t\t\t\t\t<iframe src=\"https:\/\/www.veed.io\/embed\/97b73652-4476-474b-a6eb-bfd891987ae0?watermark=0&color=&sharing=0&title=0\" width=\"744\" height=\"504\" frameborder=\"0\" title=\"Tasting Mode FR\" webkitallowfullscreen mozallowfullscreen allowfullscreen><\/iframe>\t\t\t\t<\/div>\n\t\t\t\t<\/div>\n\t\t\t\t\t<\/div>\n\t\t\t\t<\/div>\n\t\t<div class=\"elementor-element elementor-element-6104eef e-con-full e-flex e-con e-parent\" data-id=\"6104eef\" data-element_type=\"container\" data-settings=\"{&quot;background_background&quot;:&quot;classic&quot;}\">\n\t\t\t\t<div class=\"elementor-element elementor-element-18dcd69 elementor-widget elementor-widget-heading\" data-id=\"18dcd69\" data-element_type=\"widget\" data-widget_type=\"heading.default\">\n\t\t\t\t<div class=\"elementor-widget-container\">\n\t\t\t\t\t<h2 class=\"elementor-heading-title elementor-size-default\"><a id=\"events\"><\/a>\u00c9V\u00c9NEMENTS<\/h2>\t\t\t\t<\/div>\n\t\t\t\t<\/div>\n\t\t\t\t<\/div>\n\t\t<div class=\"elementor-element elementor-element-235e583 e-flex e-con-boxed e-con e-parent\" data-id=\"235e583\" data-element_type=\"container\" data-settings=\"{&quot;background_background&quot;:&quot;classic&quot;}\">\n\t\t\t\t\t<div class=\"e-con-inner\">\n\t\t\t\t<div class=\"elementor-element elementor-element-b847ad9 elementor-widget elementor-widget-text-editor\" data-id=\"b847ad9\" data-element_type=\"widget\" data-widget_type=\"text-editor.default\">\n\t\t\t\t<div class=\"elementor-widget-container\">\n\t\t\t\t\t\t\t\t\t<h5 style=\"text-align: center;\">Que pense le champion du monde CSWC 2024 du Hulecos H1 ?<\/h5>\t\t\t\t\t\t\t\t<\/div>\n\t\t\t\t<\/div>\n\t\t\t\t<div class=\"elementor-element elementor-element-a1ae287 elementor-widget__width-initial elementor-widget elementor-widget-html\" data-id=\"a1ae287\" data-element_type=\"widget\" data-widget_type=\"html.default\">\n\t\t\t\t<div class=\"elementor-widget-container\">\n\t\t\t\t\t<iframe src=\"https:\/\/www.veed.io\/embed\/92936074-7f36-4789-bacc-397fad15525d?watermark=0&color=&sharing=0&title=0\" width=\"744\" height=\"504\" frameborder=\"0\" title=\"Interview Hauke Walter sous titrage FR\" webkitallowfullscreen mozallowfullscreen allowfullscreen><\/iframe>\t\t\t\t<\/div>\n\t\t\t\t<\/div>\n\t\t\t\t\t<\/div>\n\t\t\t\t<\/div>\n\t\t\t\t<\/div>\n\t\t","protected":false},"excerpt":{"rendered":"<p>VID\u00c9OS BRIEF SCIENCE FONCTIONNALIT\u00c9S DU H1 \u00c9V\u00c9NEMENTS BRIEF Pourquoi Hulecos ? SCIENCE Pourquoi l&#8217;humidit\u00e9 relative ne dit rien&hellip;<\/p>\n","protected":false},"author":2,"featured_media":0,"parent":0,"menu_order":0,"comment_status":"closed","ping_status":"closed","template":"elementor_header_footer","meta":{"footnotes":""},"class_list":["post-8162","page","type-page","status-publish","hentry"],"yoast_head":"<!-- This site is optimized with the Yoast SEO plugin v24.9 - https:\/\/yoast.com\/wordpress\/plugins\/seo\/ -->\n<title>Vid\u00e9os - Hulecos<\/title>\n<meta name=\"robots\" content=\"index, follow, max-snippet:-1, max-image-preview:large, max-video-preview:-1\" \/>\n<link rel=\"canonical\" href=\"https:\/\/hulecos.com\/fr\/videos\/\" \/>\n<meta property=\"og:locale\" content=\"fr_FR\" \/>\n<meta property=\"og:type\" content=\"article\" \/>\n<meta property=\"og:title\" content=\"Vid\u00e9os - Hulecos\" \/>\n<meta property=\"og:description\" content=\"VID\u00c9OS BRIEF SCIENCE FONCTIONNALIT\u00c9S DU H1 \u00c9V\u00c9NEMENTS BRIEF Pourquoi Hulecos ? SCIENCE Pourquoi l&#8217;humidit\u00e9 relative ne dit rien&hellip;\" \/>\n<meta property=\"og:url\" content=\"https:\/\/hulecos.com\/fr\/videos\/\" \/>\n<meta property=\"og:site_name\" content=\"Hulecos\" \/>\n<meta property=\"article:modified_time\" content=\"2025-03-11T10:34:36+00:00\" \/>\n<meta name=\"twitter:card\" content=\"summary_large_image\" \/>\n<meta name=\"twitter:label1\" content=\"Dur\u00e9e de lecture estim\u00e9e\" \/>\n\t<meta name=\"twitter:data1\" content=\"1 minute\" \/>\n<script type=\"application\/ld+json\" class=\"yoast-schema-graph\">{\"@context\":\"https:\/\/schema.org\",\"@graph\":[{\"@type\":\"WebPage\",\"@id\":\"https:\/\/hulecos.com\/fr\/videos\/\",\"url\":\"https:\/\/hulecos.com\/fr\/videos\/\",\"name\":\"Vid\u00e9os - Hulecos\",\"isPartOf\":{\"@id\":\"https:\/\/hulecos.com\/#website\"},\"datePublished\":\"2025-02-18T15:04:25+00:00\",\"dateModified\":\"2025-03-11T10:34:36+00:00\",\"breadcrumb\":{\"@id\":\"https:\/\/hulecos.com\/fr\/videos\/#breadcrumb\"},\"inLanguage\":\"fr-FR\",\"potentialAction\":[{\"@type\":\"ReadAction\",\"target\":[\"https:\/\/hulecos.com\/fr\/videos\/\"]}]},{\"@type\":\"BreadcrumbList\",\"@id\":\"https:\/\/hulecos.com\/fr\/videos\/#breadcrumb\",\"itemListElement\":[{\"@type\":\"ListItem\",\"position\":1,\"name\":\"Home\",\"item\":\"https:\/\/hulecos.com\/fr\/\"},{\"@type\":\"ListItem\",\"position\":2,\"name\":\"Vid\u00e9os\"}]},{\"@type\":\"WebSite\",\"@id\":\"https:\/\/hulecos.com\/#website\",\"url\":\"https:\/\/hulecos.com\/\",\"name\":\"Hulecos\",\"description\":\"The first innovative device for cigar preservation &amp; tasting\",\"publisher\":{\"@id\":\"https:\/\/hulecos.com\/#organization\"},\"potentialAction\":[{\"@type\":\"SearchAction\",\"target\":{\"@type\":\"EntryPoint\",\"urlTemplate\":\"https:\/\/hulecos.com\/?s={search_term_string}\"},\"query-input\":{\"@type\":\"PropertyValueSpecification\",\"valueRequired\":true,\"valueName\":\"search_term_string\"}}],\"inLanguage\":\"fr-FR\"},{\"@type\":\"Organization\",\"@id\":\"https:\/\/hulecos.com\/#organization\",\"name\":\"Hulecos\",\"url\":\"https:\/\/hulecos.com\/\",\"logo\":{\"@type\":\"ImageObject\",\"inLanguage\":\"fr-FR\",\"@id\":\"https:\/\/hulecos.com\/#\/schema\/logo\/image\/\",\"url\":\"https:\/\/hulecos.com\/wp-content\/uploads\/2024\/05\/02Element-4@10x.png\",\"contentUrl\":\"https:\/\/hulecos.com\/wp-content\/uploads\/2024\/05\/02Element-4@10x.png\",\"width\":4094,\"height\":872,\"caption\":\"Hulecos\"},\"image\":{\"@id\":\"https:\/\/hulecos.com\/#\/schema\/logo\/image\/\"},\"sameAs\":[\"https:\/\/www.instagram.com\/hulecos\/\"]}]}<\/script>\n<!-- \/ Yoast SEO plugin. -->","yoast_head_json":{"title":"Vid\u00e9os - Hulecos","robots":{"index":"index","follow":"follow","max-snippet":"max-snippet:-1","max-image-preview":"max-image-preview:large","max-video-preview":"max-video-preview:-1"},"canonical":"https:\/\/hulecos.com\/fr\/videos\/","og_locale":"fr_FR","og_type":"article","og_title":"Vid\u00e9os - Hulecos","og_description":"VID\u00c9OS BRIEF SCIENCE FONCTIONNALIT\u00c9S DU H1 \u00c9V\u00c9NEMENTS BRIEF Pourquoi Hulecos ? SCIENCE Pourquoi l&#8217;humidit\u00e9 relative ne dit rien&hellip;","og_url":"https:\/\/hulecos.com\/fr\/videos\/","og_site_name":"Hulecos","article_modified_time":"2025-03-11T10:34:36+00:00","twitter_card":"summary_large_image","twitter_misc":{"Dur\u00e9e de lecture estim\u00e9e":"1 minute"},"schema":{"@context":"https:\/\/schema.org","@graph":[{"@type":"WebPage","@id":"https:\/\/hulecos.com\/fr\/videos\/","url":"https:\/\/hulecos.com\/fr\/videos\/","name":"Vid\u00e9os - Hulecos","isPartOf":{"@id":"https:\/\/hulecos.com\/#website"},"datePublished":"2025-02-18T15:04:25+00:00","dateModified":"2025-03-11T10:34:36+00:00","breadcrumb":{"@id":"https:\/\/hulecos.com\/fr\/videos\/#breadcrumb"},"inLanguage":"fr-FR","potentialAction":[{"@type":"ReadAction","target":["https:\/\/hulecos.com\/fr\/videos\/"]}]},{"@type":"BreadcrumbList","@id":"https:\/\/hulecos.com\/fr\/videos\/#breadcrumb","itemListElement":[{"@type":"ListItem","position":1,"name":"Home","item":"https:\/\/hulecos.com\/fr\/"},{"@type":"ListItem","position":2,"name":"Vid\u00e9os"}]},{"@type":"WebSite","@id":"https:\/\/hulecos.com\/#website","url":"https:\/\/hulecos.com\/","name":"Hulecos","description":"The first innovative device for cigar preservation &amp; tasting","publisher":{"@id":"https:\/\/hulecos.com\/#organization"},"potentialAction":[{"@type":"SearchAction","target":{"@type":"EntryPoint","urlTemplate":"https:\/\/hulecos.com\/?s={search_term_string}"},"query-input":{"@type":"PropertyValueSpecification","valueRequired":true,"valueName":"search_term_string"}}],"inLanguage":"fr-FR"},{"@type":"Organization","@id":"https:\/\/hulecos.com\/#organization","name":"Hulecos","url":"https:\/\/hulecos.com\/","logo":{"@type":"ImageObject","inLanguage":"fr-FR","@id":"https:\/\/hulecos.com\/#\/schema\/logo\/image\/","url":"https:\/\/hulecos.com\/wp-content\/uploads\/2024\/05\/02Element-4@10x.png","contentUrl":"https:\/\/hulecos.com\/wp-content\/uploads\/2024\/05\/02Element-4@10x.png","width":4094,"height":872,"caption":"Hulecos"},"image":{"@id":"https:\/\/hulecos.com\/#\/schema\/logo\/image\/"},"sameAs":["https:\/\/www.instagram.com\/hulecos\/"]}]}},"_links":{"self":[{"href":"https:\/\/hulecos.com\/fr\/wp-json\/wp\/v2\/pages\/8162","targetHints":{"allow":["GET"]}}],"collection":[{"href":"https:\/\/hulecos.com\/fr\/wp-json\/wp\/v2\/pages"}],"about":[{"href":"https:\/\/hulecos.com\/fr\/wp-json\/wp\/v2\/types\/page"}],"author":[{"embeddable":true,"href":"https:\/\/hulecos.com\/fr\/wp-json\/wp\/v2\/users\/2"}],"replies":[{"embeddable":true,"href":"https:\/\/hulecos.com\/fr\/wp-json\/wp\/v2\/comments?post=8162"}],"version-history":[{"count":24,"href":"https:\/\/hulecos.com\/fr\/wp-json\/wp\/v2\/pages\/8162\/revisions"}],"predecessor-version":[{"id":8711,"href":"https:\/\/hulecos.com\/fr\/wp-json\/wp\/v2\/pages\/8162\/revisions\/8711"}],"wp:attachment":[{"href":"https:\/\/hulecos.com\/fr\/wp-json\/wp\/v2\/media?parent=8162"}],"curies":[{"name":"wp","href":"https:\/\/api.w.org\/{rel}","templated":true}]}}