{"id":2922,"date":"2024-04-03T07:59:30","date_gmt":"2024-04-03T07:59:30","guid":{"rendered":"https:\/\/hulecos.com\/?page_id=2919"},"modified":"2024-04-03T07:59:30","modified_gmt":"2024-04-03T07:59:30","slug":"order-tracking","status":"publish","type":"page","link":"https:\/\/hulecos.com\/fr\/order-tracking\/","title":{"rendered":"Order Tracking"},"content":{"rendered":"<div class=\"woocommerce\">\n<form action=\"https:\/\/hulecos.com\/fr\/order-tracking\/\" method=\"post\" class=\"woocommerce-form woocommerce-form-track-order track_order\">\n\n\t\n\t<p>Pour suivre votre commande veuillez saisir votre ID de commande dans la boite ci-dessous et cliquer le bouton \u00ab\u00a0Suivre\u00a0\u00bb. Il vous a \u00e9t\u00e9 donn\u00e9 sur votre re\u00e7u et dans l\u2019e-mail de confirmation que vous avez du recevoir.<\/p>\n\n\t<p class=\"form-row form-row-first\"><label for=\"orderid\">N&deg; de commande<\/label> <input class=\"input-text\" type=\"text\" name=\"orderid\" id=\"orderid\" value=\"\" placeholder=\"Pr\u00e9sent dans l\u2019e-mail de confirmation de commande.\" \/><\/p>\t<p class=\"form-row form-row-last\"><label for=\"order_email\">E-mail de facturation<\/label> <input class=\"input-text\" type=\"text\" name=\"order_email\" id=\"order_email\" value=\"\" placeholder=\"E-mail utilis\u00e9 pour la commande.\" \/><\/p>\t<div class=\"clear\"><\/div>\n\n\t\n\t<p class=\"form-row\"><button type=\"submit\" class=\"button\" name=\"track\" value=\"Suivre\">Suivre<\/button><\/p>\n\t<input type=\"hidden\" id=\"woocommerce-order-tracking-nonce\" name=\"woocommerce-order-tracking-nonce\" value=\"127aa047c9\" \/><input type=\"hidden\" name=\"_wp_http_referer\" value=\"\/fr\/wp-json\/wp\/v2\/pages\/2922\" \/>\n\t\n<\/form>\n<\/div>","protected":false},"excerpt":{"rendered":"","protected":false},"author":2,"featured_media":0,"parent":0,"menu_order":0,"comment_status":"closed","ping_status":"closed","template":"","meta":{"footnotes":""},"class_list":["post-2922","page","type-page","status-publish","hentry"],"yoast_head":"<!-- This site is optimized with the Yoast SEO plugin v24.9 - https:\/\/yoast.com\/wordpress\/plugins\/seo\/ -->\n<title>Order Tracking - Hulecos<\/title>\n<meta name=\"robots\" content=\"index, follow, max-snippet:-1, max-image-preview:large, max-video-preview:-1\" \/>\n<link rel=\"canonical\" href=\"https:\/\/hulecos.com\/order-tracking\/\" \/>\n<meta property=\"og:locale\" content=\"fr_FR\" \/>\n<meta property=\"og:type\" content=\"article\" \/>\n<meta property=\"og:title\" content=\"Order Tracking - Hulecos\" \/>\n<meta property=\"og:url\" content=\"https:\/\/hulecos.com\/order-tracking\/\" \/>\n<meta property=\"og:site_name\" content=\"Hulecos\" \/>\n<meta name=\"twitter:card\" content=\"summary_large_image\" \/>\n<script type=\"application\/ld+json\" class=\"yoast-schema-graph\">{\"@context\":\"https:\/\/schema.org\",\"@graph\":[{\"@type\":\"WebPage\",\"@id\":\"https:\/\/hulecos.com\/order-tracking\/\",\"url\":\"https:\/\/hulecos.com\/order-tracking\/\",\"name\":\"Order Tracking - Hulecos\",\"isPartOf\":{\"@id\":\"https:\/\/hulecos.com\/#website\"},\"datePublished\":\"2024-04-03T07:59:30+00:00\",\"breadcrumb\":{\"@id\":\"https:\/\/hulecos.com\/order-tracking\/#breadcrumb\"},\"inLanguage\":\"fr-FR\",\"potentialAction\":[{\"@type\":\"ReadAction\",\"target\":[\"https:\/\/hulecos.com\/order-tracking\/\"]}]},{\"@type\":\"BreadcrumbList\",\"@id\":\"https:\/\/hulecos.com\/order-tracking\/#breadcrumb\",\"itemListElement\":[{\"@type\":\"ListItem\",\"position\":1,\"name\":\"Home\",\"item\":\"https:\/\/hulecos.com\/fr\/\"},{\"@type\":\"ListItem\",\"position\":2,\"name\":\"Order Tracking\"}]},{\"@type\":\"WebSite\",\"@id\":\"https:\/\/hulecos.com\/#website\",\"url\":\"https:\/\/hulecos.com\/\",\"name\":\"Hulecos\",\"description\":\"The first innovative device for cigar preservation &amp; tasting\",\"publisher\":{\"@id\":\"https:\/\/hulecos.com\/#organization\"},\"potentialAction\":[{\"@type\":\"SearchAction\",\"target\":{\"@type\":\"EntryPoint\",\"urlTemplate\":\"https:\/\/hulecos.com\/?s={search_term_string}\"},\"query-input\":{\"@type\":\"PropertyValueSpecification\",\"valueRequired\":true,\"valueName\":\"search_term_string\"}}],\"inLanguage\":\"fr-FR\"},{\"@type\":\"Organization\",\"@id\":\"https:\/\/hulecos.com\/#organization\",\"name\":\"Hulecos\",\"url\":\"https:\/\/hulecos.com\/\",\"logo\":{\"@type\":\"ImageObject\",\"inLanguage\":\"fr-FR\",\"@id\":\"https:\/\/hulecos.com\/#\/schema\/logo\/image\/\",\"url\":\"https:\/\/hulecos.com\/wp-content\/uploads\/2024\/05\/02Element-4@10x.png\",\"contentUrl\":\"https:\/\/hulecos.com\/wp-content\/uploads\/2024\/05\/02Element-4@10x.png\",\"width\":4094,\"height\":872,\"caption\":\"Hulecos\"},\"image\":{\"@id\":\"https:\/\/hulecos.com\/#\/schema\/logo\/image\/\"},\"sameAs\":[\"https:\/\/www.instagram.com\/hulecos\/\"]}]}<\/script>\n<!-- \/ Yoast SEO plugin. -->","yoast_head_json":{"title":"Order Tracking - Hulecos","robots":{"index":"index","follow":"follow","max-snippet":"max-snippet:-1","max-image-preview":"max-image-preview:large","max-video-preview":"max-video-preview:-1"},"canonical":"https:\/\/hulecos.com\/order-tracking\/","og_locale":"fr_FR","og_type":"article","og_title":"Order Tracking - Hulecos","og_url":"https:\/\/hulecos.com\/order-tracking\/","og_site_name":"Hulecos","twitter_card":"summary_large_image","schema":{"@context":"https:\/\/schema.org","@graph":[{"@type":"WebPage","@id":"https:\/\/hulecos.com\/order-tracking\/","url":"https:\/\/hulecos.com\/order-tracking\/","name":"Order Tracking - Hulecos","isPartOf":{"@id":"https:\/\/hulecos.com\/#website"},"datePublished":"2024-04-03T07:59:30+00:00","breadcrumb":{"@id":"https:\/\/hulecos.com\/order-tracking\/#breadcrumb"},"inLanguage":"fr-FR","potentialAction":[{"@type":"ReadAction","target":["https:\/\/hulecos.com\/order-tracking\/"]}]},{"@type":"BreadcrumbList","@id":"https:\/\/hulecos.com\/order-tracking\/#breadcrumb","itemListElement":[{"@type":"ListItem","position":1,"name":"Home","item":"https:\/\/hulecos.com\/fr\/"},{"@type":"ListItem","position":2,"name":"Order Tracking"}]},{"@type":"WebSite","@id":"https:\/\/hulecos.com\/#website","url":"https:\/\/hulecos.com\/","name":"Hulecos","description":"The first innovative device for cigar preservation &amp; tasting","publisher":{"@id":"https:\/\/hulecos.com\/#organization"},"potentialAction":[{"@type":"SearchAction","target":{"@type":"EntryPoint","urlTemplate":"https:\/\/hulecos.com\/?s={search_term_string}"},"query-input":{"@type":"PropertyValueSpecification","valueRequired":true,"valueName":"search_term_string"}}],"inLanguage":"fr-FR"},{"@type":"Organization","@id":"https:\/\/hulecos.com\/#organization","name":"Hulecos","url":"https:\/\/hulecos.com\/","logo":{"@type":"ImageObject","inLanguage":"fr-FR","@id":"https:\/\/hulecos.com\/#\/schema\/logo\/image\/","url":"https:\/\/hulecos.com\/wp-content\/uploads\/2024\/05\/02Element-4@10x.png","contentUrl":"https:\/\/hulecos.com\/wp-content\/uploads\/2024\/05\/02Element-4@10x.png","width":4094,"height":872,"caption":"Hulecos"},"image":{"@id":"https:\/\/hulecos.com\/#\/schema\/logo\/image\/"},"sameAs":["https:\/\/www.instagram.com\/hulecos\/"]}]}},"_links":{"self":[{"href":"https:\/\/hulecos.com\/fr\/wp-json\/wp\/v2\/pages\/2922","targetHints":{"allow":["GET"]}}],"collection":[{"href":"https:\/\/hulecos.com\/fr\/wp-json\/wp\/v2\/pages"}],"about":[{"href":"https:\/\/hulecos.com\/fr\/wp-json\/wp\/v2\/types\/page"}],"author":[{"embeddable":true,"href":"https:\/\/hulecos.com\/fr\/wp-json\/wp\/v2\/users\/2"}],"replies":[{"embeddable":true,"href":"https:\/\/hulecos.com\/fr\/wp-json\/wp\/v2\/comments?post=2922"}],"version-history":[{"count":0,"href":"https:\/\/hulecos.com\/fr\/wp-json\/wp\/v2\/pages\/2922\/revisions"}],"wp:attachment":[{"href":"https:\/\/hulecos.com\/fr\/wp-json\/wp\/v2\/media?parent=2922"}],"curies":[{"name":"wp","href":"https:\/\/api.w.org\/{rel}","templated":true}]}}